{"id":4497,"date":"2024-11-05T07:30:47","date_gmt":"2024-11-05T07:30:47","guid":{"rendered":"https:\/\/job-scan.de\/?page_id=4497"},"modified":"2026-01-06T12:05:12","modified_gmt":"2026-01-06T12:05:12","slug":"ueber-uns","status":"publish","type":"page","link":"https:\/\/job-scan.de\/en\/ueber-uns\/","title":{"rendered":"\u00dcber uns"},"content":{"rendered":"<div data-elementor-type=\"wp-page\" data-elementor-id=\"4497\" class=\"elementor elementor-4497\">\n\t\t\t\t\t\t<section class=\"elementor-section elementor-top-section elementor-element elementor-element-26827e3 onepage_nav elementor-section-boxed elementor-section-height-default elementor-section-height-default\" data-id=\"26827e3\" data-element_type=\"section\">\n\t\t\t\t\t\t<div class=\"elementor-container elementor-column-gap-default\">\n\t\t\t\t\t<div class=\"elementor-column elementor-col-50 elementor-top-column elementor-element elementor-element-955cd39\" data-id=\"955cd39\" data-element_type=\"column\">\n\t\t\t<div class=\"elementor-widget-wrap elementor-element-populated\">\n\t\t\t\t\t\t<div class=\"elementor-element elementor-element-bf09ce1 elementor-widget__width-auto elementor-icon-list--layout-traditional elementor-list-item-link-full_width elementor-widget elementor-widget-icon-list\" data-id=\"bf09ce1\" data-element_type=\"widget\" data-widget_type=\"icon-list.default\">\n\t\t\t\t<div class=\"elementor-widget-container\">\n\t\t\t\t\t<ul class=\"elementor-icon-list-items\">\n\t\t\t\t\t\t\t<li class=\"elementor-icon-list-item\">\n\t\t\t\t\t\t\t\t\t\t\t<span class=\"elementor-icon-list-icon\">\n\t\t\t\t\t\t\t<svg aria-hidden=\"true\" class=\"e-font-icon-svg e-fas-circle\" viewbox=\"0 0 512 512\" xmlns=\"http:\/\/www.w3.org\/2000\/svg\"><path d=\"M256 8C119 8 8 119 8 256s111 248 248 248 248-111 248-248S393 8 256 8z\"><\/path><\/svg>\t\t\t\t\t\t<\/span>\n\t\t\t\t\t\t\t\t\t\t<span class=\"elementor-icon-list-text\">Willkommen bei JobScan<\/span>\n\t\t\t\t\t\t\t\t\t<\/li>\n\t\t\t\t\t\t<\/ul>\n\t\t\t\t<\/div>\n\t\t\t\t<\/div>\n\t\t\t\t<div class=\"elementor-element elementor-element-d52e37f elementor-widget__width-initial elementor-widget-tablet__width-inherit elementor-widget elementor-widget-heading\" data-id=\"d52e37f\" data-element_type=\"widget\" data-widget_type=\"heading.default\">\n\t\t\t\t<div class=\"elementor-widget-container\">\n\t\t\t<h2 class=\"elementor-heading-title elementor-size-default\">JOB<span style=\"color: #4169E1;font-weight:300\">SCAN<\/span> - effiziente Direktvermittlung<\/h2>\t\t<\/div>\n\t\t\t\t<\/div>\n\t\t\t\t\t<\/div>\n\t\t<\/div>\n\t\t\t\t<div class=\"elementor-column elementor-col-50 elementor-top-column elementor-element elementor-element-ced73f4\" data-id=\"ced73f4\" data-element_type=\"column\">\n\t\t\t<div class=\"elementor-widget-wrap elementor-element-populated\">\n\t\t\t\t\t\t<div class=\"elementor-element elementor-element-84ac232 elementor-widget elementor-widget-text-editor\" data-id=\"84ac232\" data-element_type=\"widget\" data-widget_type=\"text-editor.default\">\n\t\t\t\t<div class=\"elementor-widget-container\">\n\t\t\t\t\t\t\t<p><strong>Willkommen bei JobScan \u2013 Ihrem Partner f\u00fcr effiziente Direktvermittlung. Unser Motto lautet: <span style=\"color: #ff7518;\">Chancen scannen, Jobs finden.<\/span> Mit diesem Leitsatz verbinden wir innovative Technologien und pers\u00f6nliche Beratung, um motiviertes Personal mit den passenden Unternehmen zu verbinden.<\/strong><\/p><p class=\"\" data-start=\"253\" data-end=\"464\">Wir unterst\u00fctzen mittelst\u00e4ndische Unternehmen dabei, Schl\u00fcsselpositionen im Vertrieb und in der IT mit Pers\u00f6nlichkeiten zu besetzen, die sowohl fachlich als auch menschlich \u00fcberzeugen \u2013 mit klarem Fokus auf vertriebsrelevante Rollen.<\/p><p class=\"\" data-start=\"253\" data-end=\"464\">Dank unserer ausgepr\u00e4gten Marktkenntnis und eines gezielten Netzwerks bringen wir passgenau zusammen, was zusammengeh\u00f6rt: Unternehmen und Top-Talente.<\/p><p><span style=\"color: #ff6600;\">Mit jahrelanger Erfahrung im\u00a0 Sales und der IT, verf\u00fcgen wir \u00fcber tiefgehendes Branchenwissen und ein umfangreiches Netzwerk, um die besten Talente f\u00fcr Ihr Unternehmen zu finden.<\/span><\/p><p>Wir setzen auf die Nutzung innovativer KI Recruiting-Tools, die es uns erm\u00f6glichen, qualifizierte Talente gezielt zu identifizieren und passgenau mit den Anforderungen unserer Kunden zu verbinden. Unser Ansatz zeichnet sich durch Vertraulichkeit, individuelle Motivation und offene Kommunikation w\u00e4hrend des gesamten Bewerbungsprozesses aus.\u00a0<\/p><p>Unsere Dienstleistung ist dabei vollst\u00e4ndig erfolgsbasiert \u2013 Kosten entstehen f\u00fcr Sie nur, wenn Sie einen unserer Kandidaten einstellen.<\/p><p>Mit unseren kosteneffizienten Konditionen geh\u00f6ren wir zu den wettbewerbsf\u00e4higsten Anbietern am Markt \u2013 und bieten dabei volle Leistung sowie h\u00f6chste Qualit\u00e4tsstandards in der Kandidatenauswahl.<\/p><p>Mit langj\u00e4hriger Erfahrung im Recruiting und einem engagierten Team begleiten wir Unternehmen und Bewerber effizient durch den gesamten Vermittlungsprozess.\u00a0<\/p><p><span style=\"color: #ff6600;\"><strong>Planen Sie aktuell eine Besetzung ? Dann nehmen Sie jetzt Kontakt auf. Rufen Sie uns direkt an oder senden Sie uns einfach eine kurze Nachricht und wir melden uns zeitnah bei Ihnen!<\/strong><\/span><\/p>\t\t\t\t\t\t<\/div>\n\t\t\t\t<\/div>\n\t\t\t\t\t<\/div>\n\t\t<\/div>\n\t\t\t\t\t<\/div>\n\t\t<\/section>\n\t\t\t\t<\/div>","protected":false},"excerpt":{"rendered":"<p>Willkommen bei JobScan JOBSCAN &#8211; effiziente Direktvermittlung Willkommen bei JobScan \u2013 Ihrem Partner f\u00fcr effiziente Direktvermittlung. Unser Motto lautet: Chancen scannen, Jobs finden. Mit diesem Leitsatz verbinden wir innovative Technologien und pers\u00f6nliche Beratung, um motiviertes Personal mit den passenden Unternehmen zu verbinden. Wir unterst\u00fctzen mittelst\u00e4ndische Unternehmen dabei, Schl\u00fcsselpositionen im Vertrieb und in der IT mit [&hellip;]<\/p>","protected":false},"author":1,"featured_media":0,"parent":0,"menu_order":0,"comment_status":"closed","ping_status":"closed","template":"page-builder.php","meta":{"footnotes":""},"class_list":["post-4497","page","type-page","status-publish","hentry"],"_links":{"self":[{"href":"https:\/\/job-scan.de\/en\/wp-json\/wp\/v2\/pages\/4497","targetHints":{"allow":["GET"]}}],"collection":[{"href":"https:\/\/job-scan.de\/en\/wp-json\/wp\/v2\/pages"}],"about":[{"href":"https:\/\/job-scan.de\/en\/wp-json\/wp\/v2\/types\/page"}],"author":[{"embeddable":true,"href":"https:\/\/job-scan.de\/en\/wp-json\/wp\/v2\/users\/1"}],"replies":[{"embeddable":true,"href":"https:\/\/job-scan.de\/en\/wp-json\/wp\/v2\/comments?post=4497"}],"version-history":[{"count":43,"href":"https:\/\/job-scan.de\/en\/wp-json\/wp\/v2\/pages\/4497\/revisions"}],"predecessor-version":[{"id":4791,"href":"https:\/\/job-scan.de\/en\/wp-json\/wp\/v2\/pages\/4497\/revisions\/4791"}],"wp:attachment":[{"href":"https:\/\/job-scan.de\/en\/wp-json\/wp\/v2\/media?parent=4497"}],"curies":[{"name":"wp","href":"https:\/\/api.w.org\/{rel}","templated":true}]}}