{"id":4317,"date":"2024-11-02T07:53:35","date_gmt":"2024-11-02T07:53:35","guid":{"rendered":"https:\/\/job-scan.de\/?page_id=4317"},"modified":"2025-04-01T19:56:57","modified_gmt":"2025-04-01T19:56:57","slug":"impressum","status":"publish","type":"page","link":"https:\/\/job-scan.de\/en\/impressum\/","title":{"rendered":"Impressum"},"content":{"rendered":"<div data-elementor-type=\"wp-page\" data-elementor-id=\"4317\" class=\"elementor elementor-4317\">\n\t\t\t\t\t\t<section class=\"elementor-section elementor-top-section elementor-element elementor-element-ebd4b38 rechtlich elementor-section-boxed elementor-section-height-default elementor-section-height-default\" data-id=\"ebd4b38\" data-element_type=\"section\">\n\t\t\t\t\t\t<div class=\"elementor-container elementor-column-gap-default\">\n\t\t\t\t\t<div class=\"elementor-column elementor-col-100 elementor-top-column elementor-element elementor-element-77d67a5\" data-id=\"77d67a5\" data-element_type=\"column\">\n\t\t\t<div class=\"elementor-widget-wrap elementor-element-populated\">\n\t\t\t\t\t\t<div class=\"elementor-element elementor-element-9ee959e elementor-widget elementor-widget-text-editor\" data-id=\"9ee959e\" data-element_type=\"widget\" data-widget_type=\"text-editor.default\">\n\t\t\t\t<div class=\"elementor-widget-container\">\n\t\t\t\t\t\t\t<p>Job Scan UG (haftungsbeschr\u00e4nkt)<br \/>Emil-Sommer-Stra\u00dfe 7<br \/>28329 Bremen<\/p><p>Handelsregister: HRB 40883<br \/>Registergericht: Amtsgericht Bremen<\/p><p><strong>Umsatzsteuer:<\/strong><br \/>Umsatzsteuer-Identifikationsnummer gem\u00e4\u00df \u00a727 a Umsatzsteuergesetz:\u00a0DE449528200<\/p><p><strong>Vertreten durch:<\/strong><\/p><h5>Kontakt<\/h5><p>Tijan Bojang<\/p><p>Telefon: 0421 16142199<br \/>E-Mail: info@job-scan.de<\/p><h5>Redaktionell verantwortlich<\/h5><p>Job Scan UG (haftungsbeschr\u00e4nkt)<\/p><p>Emil-Sommer-Stra\u00dfe 7<br \/>28329 Bremen<\/p><h5>EU-Streitschlichtung<\/h5><p>Die Europ\u00e4ische Kommission stellt eine Plattform zur Online-Streitbeilegung (OS) bereit: <a href=\"https:\/\/ec.europa.eu\/consumers\/odr\/\" target=\"_blank\" rel=\"noopener noreferrer\">https:\/\/ec.europa.eu\/consumers\/odr\/<\/a>.<br \/>Unsere E-Mail-Adresse finden Sie oben im Impressum.<\/p><h5>Verbraucher\u00adstreit\u00adbeilegung\/Universal\u00adschlichtungs\u00adstelle<\/h5><p>Wir sind nicht bereit oder verpflichtet, an Streitbeilegungsverfahren vor einer Verbraucherschlichtungsstelle teilzunehmen.<\/p>\t\t\t\t\t\t<\/div>\n\t\t\t\t<\/div>\n\t\t\t\t\t<\/div>\n\t\t<\/div>\n\t\t\t\t\t<\/div>\n\t\t<\/section>\n\t\t\t\t<\/div>","protected":false},"excerpt":{"rendered":"<p>Job Scan UG (haftungsbeschr\u00e4nkt)Emil-Sommer-Stra\u00dfe 728329 Bremen Handelsregister: HRB 40883Registergericht: Amtsgericht Bremen Umsatzsteuer:Umsatzsteuer-Identifikationsnummer gem\u00e4\u00df \u00a727 a Umsatzsteuergesetz:\u00a0DE449528200 Vertreten durch: Kontakt Tijan Bojang Telefon: 0421 16142199E-Mail: info@job-scan.de Redaktionell verantwortlich Job Scan UG (haftungsbeschr\u00e4nkt) Emil-Sommer-Stra\u00dfe 728329 Bremen EU-Streitschlichtung Die Europ\u00e4ische Kommission stellt eine Plattform zur Online-Streitbeilegung (OS) bereit: https:\/\/ec.europa.eu\/consumers\/odr\/.Unsere E-Mail-Adresse finden Sie oben im Impressum. Verbraucher\u00adstreit\u00adbeilegung\/Universal\u00adschlichtungs\u00adstelle Wir sind [&hellip;]<\/p>","protected":false},"author":1,"featured_media":0,"parent":0,"menu_order":0,"comment_status":"closed","ping_status":"closed","template":"page-builder.php","meta":{"footnotes":""},"class_list":["post-4317","page","type-page","status-publish","hentry"],"_links":{"self":[{"href":"https:\/\/job-scan.de\/en\/wp-json\/wp\/v2\/pages\/4317","targetHints":{"allow":["GET"]}}],"collection":[{"href":"https:\/\/job-scan.de\/en\/wp-json\/wp\/v2\/pages"}],"about":[{"href":"https:\/\/job-scan.de\/en\/wp-json\/wp\/v2\/types\/page"}],"author":[{"embeddable":true,"href":"https:\/\/job-scan.de\/en\/wp-json\/wp\/v2\/users\/1"}],"replies":[{"embeddable":true,"href":"https:\/\/job-scan.de\/en\/wp-json\/wp\/v2\/comments?post=4317"}],"version-history":[{"count":43,"href":"https:\/\/job-scan.de\/en\/wp-json\/wp\/v2\/pages\/4317\/revisions"}],"predecessor-version":[{"id":4682,"href":"https:\/\/job-scan.de\/en\/wp-json\/wp\/v2\/pages\/4317\/revisions\/4682"}],"wp:attachment":[{"href":"https:\/\/job-scan.de\/en\/wp-json\/wp\/v2\/media?parent=4317"}],"curies":[{"name":"wp","href":"https:\/\/api.w.org\/{rel}","templated":true}]}}