{"id":4040,"date":"2024-10-19T18:09:19","date_gmt":"2024-10-19T18:09:19","guid":{"rendered":"https:\/\/job-scan.de\/?page_id=4040"},"modified":"2025-12-22T09:58:06","modified_gmt":"2025-12-22T09:58:06","slug":"aktuelle-jobs","status":"publish","type":"page","link":"https:\/\/job-scan.de\/en\/aktuelle-jobs\/","title":{"rendered":"Aktuelle Jobs"},"content":{"rendered":"<div data-elementor-type=\"wp-page\" data-elementor-id=\"4040\" class=\"elementor elementor-4040\">\n\t\t\t\t\t\t<section class=\"elementor-section elementor-top-section elementor-element elementor-element-ebd4b38 elementor-section-boxed elementor-section-height-default elementor-section-height-default\" data-id=\"ebd4b38\" data-element_type=\"section\">\n\t\t\t\t\t\t<div class=\"elementor-container elementor-column-gap-default\">\n\t\t\t\t\t<div class=\"elementor-column elementor-col-100 elementor-top-column elementor-element elementor-element-77d67a5\" data-id=\"77d67a5\" data-element_type=\"column\">\n\t\t\t<div class=\"elementor-widget-wrap elementor-element-populated\">\n\t\t\t\t\t\t<div class=\"elementor-element elementor-element-37898f5 elementor-widget__width-auto elementor-align-center elementor-icon-list--layout-traditional elementor-list-item-link-full_width elementor-widget elementor-widget-icon-list\" data-id=\"37898f5\" data-element_type=\"widget\" data-widget_type=\"icon-list.default\">\n\t\t\t\t<div class=\"elementor-widget-container\">\n\t\t\t\t\t<ul class=\"elementor-icon-list-items\">\n\t\t\t\t\t\t\t<li class=\"elementor-icon-list-item\">\n\t\t\t\t\t\t\t\t\t\t\t<span class=\"elementor-icon-list-icon\">\n\t\t\t\t\t\t\t<svg aria-hidden=\"true\" class=\"e-font-icon-svg e-fas-circle\" viewbox=\"0 0 512 512\" xmlns=\"http:\/\/www.w3.org\/2000\/svg\"><path d=\"M256 8C119 8 8 119 8 256s111 248 248 248 248-111 248-248S393 8 256 8z\"><\/path><\/svg>\t\t\t\t\t\t<\/span>\n\t\t\t\t\t\t\t\t\t\t<span class=\"elementor-icon-list-text\">Treffer?<\/span>\n\t\t\t\t\t\t\t\t\t<\/li>\n\t\t\t\t\t\t<\/ul>\n\t\t\t\t<\/div>\n\t\t\t\t<\/div>\n\t\t\t\t<div class=\"elementor-element elementor-element-6b3d3c5 elementor-widget elementor-widget-heading\" data-id=\"6b3d3c5\" data-element_type=\"widget\" data-widget_type=\"heading.default\">\n\t\t\t\t<div class=\"elementor-widget-container\">\n\t\t\t<h2 class=\"elementor-heading-title elementor-size-default\">Wir suchen Personal f\u00fcr folgende Fachbereiche<\/h2>\t\t<\/div>\n\t\t\t\t<\/div>\n\t\t\t\t<div data-flexitype-wrapper-link=\"{&quot;url&quot;:&quot;https:\\\/\\\/job-scan.de\\\/job-finden\\\/&quot;,&quot;is_external&quot;:&quot;&quot;,&quot;nofollow&quot;:&quot;&quot;}\" style=\"cursor: pointer\" class=\"elementor-element elementor-element-e669cb7 elementor-widget elementor-widget-heading\" data-id=\"e669cb7\" data-element_type=\"widget\" data-widget_type=\"heading.default\">\n\t\t\t\t<div class=\"elementor-widget-container\">\n\t\t\t<p class=\"elementor-heading-title elementor-size-default\"><a href=\"https:\/\/job-scan.de\/en\/job-finden\/\"><span style=\"font-family: OpenSansRegular, Arial, Helvetica, sans-serif\">Bei den aktuellen Stellenangeboten ist keine passende Position dabei? Kein Problem!&nbsp;<\/span>Wir melden uns bei Ihnen mit Jobvorschl\u00e4gen!<br>Bitte f\u00fcllen Sie unser <a href=\"https:\/\/job-scan.de\/en\/job-finden\/\" style=\"font-size: 16px\">Kontaktformular<\/a> aus und teilen Sie uns mit, in welchem Bereich Sie t\u00e4tig werden m\u00f6chten.<br><\/a><\/p>\t\t<\/div>\n\t\t\t\t<\/div>\n\t\t\t\t<section class=\"elementor-section elementor-inner-section elementor-element elementor-element-507bdbb elementor-section-full_width elementor-section-height-default elementor-section-height-default\" data-id=\"507bdbb\" data-element_type=\"section\">\n\t\t\t\t\t\t<div class=\"elementor-container elementor-column-gap-no\">\n\t\t\t\t\t<div class=\"elementor-column elementor-col-50 elementor-inner-column elementor-element elementor-element-a031382\" data-id=\"a031382\" data-element_type=\"column\">\n\t\t\t<div class=\"elementor-widget-wrap elementor-element-populated\">\n\t\t\t\t\t\t<div data-flexitype-wrapper-link=\"{&quot;url&quot;:&quot;https:\\\/\\\/job-scan.de\\\/job-finden\\\/&quot;,&quot;is_external&quot;:&quot;&quot;,&quot;nofollow&quot;:&quot;&quot;}\" style=\"cursor: pointer\" class=\"elementor-element elementor-element-7f7208b elementor-widget elementor-widget-flexitype-image-box\" data-id=\"7f7208b\" data-element_type=\"widget\" data-widget_type=\"flexitype-image-box.default\">\n\t\t\t\t<div class=\"elementor-widget-container\">\n\t\t\t\r\n        <div class=\"icon__box-item box_image  custom_badge\">\r\n            <div class=\"icon__box-image\">\r\n                            <\/div>\r\n                        <div class=\"icon__box-item-content\">\r\n                                <div class=\"title\">\r\n                                            <span>\r\n                                                    <div class=\"icon__box-item-icon\">\r\n                                <i aria-hidden=\"true\" class=\"flaticon flaticon-customer-service-1\"><\/i>                            <\/div>\r\n                                                <\/span>\r\n                                                                <h5>\r\n                                                            <a href=\"https:\/\/job-scan.de\/en\/job-finden\/\">\r\n                                    Sales Manager (m\/w\/d)                                 <\/a>\r\n                                                    <\/h5>\r\n                                                                <p>Freiburg,Vollzeit,attraktives Gehalt. Aufgaben:Betreuung von Bestandskunden und Neukundenakquisition, Angebotserstellung sowie Nachhaltung und \u00dcberwachung, Erarbeitung und Umsetzung aber auch Entwicklung von neuen &amp; gegebenen Vertriebsstrategien, Pr\u00e4sentation des Unternehmens und der Produkte auf Messen und Events. Profil:  Abgeschlossene kaufm\u00e4nnische Ausbildung oder betriebswirtschaftliches Studium oder entsprechende vorhandene Kenntnisse, gute Kenntnisse und Praxiserfahrung im Umgang mit ERP\/CRM und MS Office, mehrj\u00e4hrige Berufserfahrung in einer vergleichbaren Verantwortung.<\/p>\r\n                                    <\/div>\r\n                            <\/div>\r\n        <\/div>\r\n\r\n        \t\t<\/div>\n\t\t\t\t<\/div>\n\t\t\t\t<div data-flexitype-wrapper-link=\"{&quot;url&quot;:&quot;https:\\\/\\\/job-scan.de\\\/job-finden\\\/&quot;,&quot;is_external&quot;:&quot;&quot;,&quot;nofollow&quot;:&quot;&quot;}\" style=\"cursor: pointer\" class=\"elementor-element elementor-element-08c71d0 elementor-widget elementor-widget-flexitype-image-box\" data-id=\"08c71d0\" data-element_type=\"widget\" data-widget_type=\"flexitype-image-box.default\">\n\t\t\t\t<div class=\"elementor-widget-container\">\n\t\t\t\r\n        <div class=\"icon__box-item box_image  custom_badge\">\r\n            <div class=\"icon__box-image\">\r\n                            <\/div>\r\n                        <div class=\"icon__box-item-content\">\r\n                                <div class=\"title\">\r\n                                            <span>\r\n                                                    <div class=\"icon__box-item-icon\">\r\n                                <i aria-hidden=\"true\" class=\"flaticon flaticon-computer\"><\/i>                            <\/div>\r\n                                                <\/span>\r\n                                                                <h5>\r\n                                                            <a href=\"https:\/\/job-scan.de\/en\/job-finden\/\">\r\n                                    IT-Administrator (m\/w\/d)                                 <\/a>\r\n                                                    <\/h5>\r\n                                                                <p>Bremen,Vollzeit,attraktives Gehalt. Aufgaben:Verwaltung und Optimierung der virtuellen Infrastruktur, Planung und Durchf\u00fchrung von IT-Projekten zur Digitalisierung und Optimierung der IT-Systeme, Gew\u00e4hrleistung der IT-Sicherheit. Profil: Abgeschlossene IT-Ausbildung oder Studium, Erfahrung in der Administration von Windows-Servern, Netzwerken und IT-Sicherheit.<\/p>\r\n                                    <\/div>\r\n                            <\/div>\r\n        <\/div>\r\n\r\n        \t\t<\/div>\n\t\t\t\t<\/div>\n\t\t\t\t\t<\/div>\n\t\t<\/div>\n\t\t\t\t<div class=\"elementor-column elementor-col-50 elementor-inner-column elementor-element elementor-element-f0749af\" data-id=\"f0749af\" data-element_type=\"column\">\n\t\t\t<div class=\"elementor-widget-wrap elementor-element-populated\">\n\t\t\t\t\t\t<div data-flexitype-wrapper-link=\"{&quot;url&quot;:&quot;https:\\\/\\\/job-scan.de\\\/job-finden\\\/&quot;,&quot;is_external&quot;:&quot;&quot;,&quot;nofollow&quot;:&quot;&quot;}\" style=\"cursor: pointer\" class=\"elementor-element elementor-element-ba9cdbc elementor-widget elementor-widget-flexitype-image-box\" data-id=\"ba9cdbc\" data-element_type=\"widget\" data-widget_type=\"flexitype-image-box.default\">\n\t\t\t\t<div class=\"elementor-widget-container\">\n\t\t\t\r\n        <div class=\"icon__box-item box_image  custom_badge\">\r\n            <div class=\"icon__box-image\">\r\n                            <\/div>\r\n                        <div class=\"icon__box-item-content\">\r\n                                <div class=\"title\">\r\n                                            <span>\r\n                                                    <div class=\"icon__box-item-icon\">\r\n                                <i aria-hidden=\"true\" class=\"flaticon flaticon-business-intelligence\"><\/i>                            <\/div>\r\n                                                <\/span>\r\n                                                                <h5>\r\n                                                            <a href=\"https:\/\/job-scan.de\/en\/job-finden\/\">\r\n                                    Softwareentwickler C++ (m\/w\/d)                                 <\/a>\r\n                                                    <\/h5>\r\n                                                                <p>Heidelberg,Vollzeit,attraktives Gehalt. Aufgaben:Sie sind verantwortlich f\u00fcr die Programmierung, Tests und die Analyse von Softwareanteilen  in Abstimmung mit anderen Kollegen und Abteilungen, Integration von Software-Subsystemen aus mehreren Software-Komponenten. Profil: abgeschlossenes Studium der Informatik oder einer vergleichbaren Berufsqualifikation, gute Kenntnisse und Erfahrung mit der der Programmiersprache C++, gute Deutschkenntnisse sowie gute Englischkenntnisse in Wort und Schrift.<\/p>\r\n                                    <\/div>\r\n                            <\/div>\r\n        <\/div>\r\n\r\n        \t\t<\/div>\n\t\t\t\t<\/div>\n\t\t\t\t\t<\/div>\n\t\t<\/div>\n\t\t\t\t\t<\/div>\n\t\t<\/section>\n\t\t\t\t<section class=\"elementor-section elementor-inner-section elementor-element elementor-element-e619daf elementor-section-full_width elementor-section-height-default elementor-section-height-default\" data-id=\"e619daf\" data-element_type=\"section\">\n\t\t\t\t\t\t<div class=\"elementor-container elementor-column-gap-no\">\n\t\t\t\t\t<div class=\"elementor-column elementor-col-50 elementor-inner-column elementor-element elementor-element-289419c\" data-id=\"289419c\" data-element_type=\"column\">\n\t\t\t<div class=\"elementor-widget-wrap\">\n\t\t\t\t\t\t\t<\/div>\n\t\t<\/div>\n\t\t\t\t<div class=\"elementor-column elementor-col-50 elementor-inner-column elementor-element elementor-element-8d5f149\" data-id=\"8d5f149\" data-element_type=\"column\">\n\t\t\t<div class=\"elementor-widget-wrap\">\n\t\t\t\t\t\t\t<\/div>\n\t\t<\/div>\n\t\t\t\t\t<\/div>\n\t\t<\/section>\n\t\t\t\t<section class=\"elementor-section elementor-inner-section elementor-element elementor-element-f39d1a4 elementor-section-full_width elementor-section-height-default elementor-section-height-default\" data-id=\"f39d1a4\" data-element_type=\"section\">\n\t\t\t\t\t\t<div class=\"elementor-container elementor-column-gap-no\">\n\t\t\t\t\t<div class=\"elementor-column elementor-col-50 elementor-inner-column elementor-element elementor-element-5119042\" data-id=\"5119042\" data-element_type=\"column\">\n\t\t\t<div class=\"elementor-widget-wrap\">\n\t\t\t\t\t\t\t<\/div>\n\t\t<\/div>\n\t\t\t\t<div class=\"elementor-column elementor-col-50 elementor-inner-column elementor-element elementor-element-b6db30a\" data-id=\"b6db30a\" data-element_type=\"column\">\n\t\t\t<div class=\"elementor-widget-wrap\">\n\t\t\t\t\t\t\t<\/div>\n\t\t<\/div>\n\t\t\t\t\t<\/div>\n\t\t<\/section>\n\t\t\t\t\t<\/div>\n\t\t<\/div>\n\t\t\t\t\t<\/div>\n\t\t<\/section>\n\t\t\t\t<\/div>","protected":false},"excerpt":{"rendered":"<p>Treffer? Wir suchen Personal f\u00fcr folgende Fachbereiche Bei den aktuellen Stellenangeboten ist keine passende Position dabei? Kein Problem!&nbsp;Wir melden uns bei Ihnen mit Jobvorschl\u00e4gen!Bitte f\u00fcllen Sie unser Kontaktformular aus und teilen Sie uns mit, in welchem Bereich Sie t\u00e4tig werden m\u00f6chten. Sales Manager (m\/w\/d) Freiburg,Vollzeit,attraktives Gehalt. Aufgaben:Betreuung von Bestandskunden und Neukundenakquisition, Angebotserstellung sowie Nachhaltung und [&hellip;]<\/p>","protected":false},"author":1,"featured_media":0,"parent":0,"menu_order":0,"comment_status":"closed","ping_status":"closed","template":"page-builder.php","meta":{"footnotes":""},"class_list":["post-4040","page","type-page","status-publish","hentry"],"_links":{"self":[{"href":"https:\/\/job-scan.de\/en\/wp-json\/wp\/v2\/pages\/4040","targetHints":{"allow":["GET"]}}],"collection":[{"href":"https:\/\/job-scan.de\/en\/wp-json\/wp\/v2\/pages"}],"about":[{"href":"https:\/\/job-scan.de\/en\/wp-json\/wp\/v2\/types\/page"}],"author":[{"embeddable":true,"href":"https:\/\/job-scan.de\/en\/wp-json\/wp\/v2\/users\/1"}],"replies":[{"embeddable":true,"href":"https:\/\/job-scan.de\/en\/wp-json\/wp\/v2\/comments?post=4040"}],"version-history":[{"count":66,"href":"https:\/\/job-scan.de\/en\/wp-json\/wp\/v2\/pages\/4040\/revisions"}],"predecessor-version":[{"id":4784,"href":"https:\/\/job-scan.de\/en\/wp-json\/wp\/v2\/pages\/4040\/revisions\/4784"}],"wp:attachment":[{"href":"https:\/\/job-scan.de\/en\/wp-json\/wp\/v2\/media?parent=4040"}],"curies":[{"name":"wp","href":"https:\/\/api.w.org\/{rel}","templated":true}]}}